{"id":49,"date":"2026-03-12T23:46:39","date_gmt":"2026-03-13T04:46:39","guid":{"rendered":"https:\/\/gestornacionaldeseguro.com\/?page_id=49"},"modified":"2026-03-18T07:18:31","modified_gmt":"2026-03-18T12:18:31","slug":"contacto","status":"publish","type":"page","link":"https:\/\/gestornacionaldeseguro.com\/index.php\/contacto\/","title":{"rendered":"C"},"content":{"rendered":"\t\t<div data-elementor-type=\"wp-page\" data-elementor-id=\"49\" class=\"elementor elementor-49\" data-elementor-post-type=\"page\">\n\t\t\t\t<div class=\"elementor-element elementor-element-4afcaf2 e-flex e-con-boxed e-con e-parent\" data-id=\"4afcaf2\" data-element_type=\"container\" data-e-type=\"container\">\n\t\t\t\t\t<div class=\"e-con-inner\">\n\t\t\t\t<div class=\"elementor-element elementor-element-99e38c6 elementor-widget elementor-widget-image\" data-id=\"99e38c6\" data-element_type=\"widget\" data-e-type=\"widget\" data-widget_type=\"image.default\">\n\t\t\t\t\t\t\t\t\t\t\t\t\t\t\t<img fetchpriority=\"high\" decoding=\"async\" width=\"1100\" height=\"500\" src=\"https:\/\/gestornacionaldeseguro.com\/wp-content\/uploads\/2026\/03\/contactanos_1.jpg\" class=\"attachment-full size-full wp-image-51\" alt=\"\" srcset=\"https:\/\/gestornacionaldeseguro.com\/wp-content\/uploads\/2026\/03\/contactanos_1.jpg 1100w, https:\/\/gestornacionaldeseguro.com\/wp-content\/uploads\/2026\/03\/contactanos_1-300x136.jpg 300w, https:\/\/gestornacionaldeseguro.com\/wp-content\/uploads\/2026\/03\/contactanos_1-1024x465.jpg 1024w, https:\/\/gestornacionaldeseguro.com\/wp-content\/uploads\/2026\/03\/contactanos_1-768x349.jpg 768w\" sizes=\"(max-width: 1100px) 100vw, 1100px\" \/>\t\t\t\t\t\t\t\t\t\t\t\t\t\t\t<\/div>\n\t\t\t\t\t<\/div>\n\t\t\t\t<\/div>\n\t\t<div class=\"elementor-element elementor-element-5411d17 e-flex e-con-boxed e-con e-parent\" data-id=\"5411d17\" data-element_type=\"container\" data-e-type=\"container\">\n\t\t\t\t\t<div class=\"e-con-inner\">\n\t\t\t\t<div class=\"elementor-element elementor-element-10f86ac elementor-widget elementor-widget-text-editor\" data-id=\"10f86ac\" data-element_type=\"widget\" data-e-type=\"widget\" data-widget_type=\"text-editor.default\">\n\t\t\t\t\t\t\t\t\t<h6><strong><span class=\"semibold-text\">En Gestor Nacional De Seguro estamos para servirte<\/span><\/strong>. Diligencia nuestro formulario y pronto te contactaremos.<\/h6>\t\t\t\t\t\t\t\t<\/div>\n\t\t\t\t\t<\/div>\n\t\t\t\t<\/div>\n\t\t<div class=\"elementor-element elementor-element-fc982f0 e-flex e-con-boxed e-con e-parent\" data-id=\"fc982f0\" data-element_type=\"container\" data-e-type=\"container\">\n\t\t\t\t\t<div class=\"e-con-inner\">\n\t\t\t\t<div class=\"elementor-element elementor-element-012bd7f elementor-button-align-stretch elementor-widget elementor-widget-form\" data-id=\"012bd7f\" data-element_type=\"widget\" data-e-type=\"widget\" data-settings=\"{&quot;step_next_label&quot;:&quot;Next&quot;,&quot;step_previous_label&quot;:&quot;Previous&quot;,&quot;button_width&quot;:&quot;100&quot;,&quot;step_type&quot;:&quot;number_text&quot;,&quot;step_icon_shape&quot;:&quot;circle&quot;}\" data-widget_type=\"form.default\">\n\t\t\t\t<div class=\"elementor-widget-container\">\n\t\t\t\t\t\t\t<form class=\"elementor-form\" method=\"post\" name=\"New Form\">\n\t\t\t<input type=\"hidden\" name=\"post_id\" value=\"49\"\/>\n\t\t\t<input type=\"hidden\" name=\"form_id\" value=\"012bd7f\"\/>\n\t\t\t<input type=\"hidden\" name=\"referer_title\" value=\"\" \/>\n\n\t\t\t\n\t\t\t<div class=\"elementor-form-fields-wrapper elementor-labels-above\">\n\t\t\t\t\t\t\t\t<div class=\"elementor-field-type-text elementor-field-group elementor-column elementor-field-group-name elementor-col-100\">\n\t\t\t\t\t\t\t\t\t\t\t\t<label for=\"form-field-name\" class=\"elementor-field-label\">\n\t\t\t\t\t\t\t\tNombre\t\t\t\t\t\t\t<\/label>\n\t\t\t\t\t\t\t\t\t\t\t\t\t\t<input size=\"1\" type=\"text\" name=\"form_fields[name]\" id=\"form-field-name\" class=\"elementor-field elementor-size-sm  elementor-field-textual\" placeholder=\"Nombre\">\n\t\t\t\t\t\t\t\t\t\t\t<\/div>\n\t\t\t\t\t\t\t\t<div class=\"elementor-field-type-email elementor-field-group elementor-column elementor-field-group-email elementor-col-100 elementor-field-required\">\n\t\t\t\t\t\t\t\t\t\t\t\t<label for=\"form-field-email\" class=\"elementor-field-label\">\n\t\t\t\t\t\t\t\tCorreo Electronico\t\t\t\t\t\t\t<\/label>\n\t\t\t\t\t\t\t\t\t\t\t\t\t\t<input size=\"1\" type=\"email\" name=\"form_fields[email]\" id=\"form-field-email\" class=\"elementor-field elementor-size-sm  elementor-field-textual\" placeholder=\"Correo Electr\u00f3nico\" required=\"required\" aria-required=\"true\">\n\t\t\t\t\t\t\t\t\t\t\t<\/div>\n\t\t\t\t\t\t\t\t<div class=\"elementor-field-type-text elementor-field-group elementor-column elementor-field-group-field_0e06910 elementor-col-100\">\n\t\t\t\t\t\t\t\t\t\t\t\t<label for=\"form-field-field_0e06910\" class=\"elementor-field-label\">\n\t\t\t\t\t\t\t\tCiudad\t\t\t\t\t\t\t<\/label>\n\t\t\t\t\t\t\t\t\t\t\t\t\t\t<input size=\"1\" type=\"text\" name=\"form_fields[field_0e06910]\" id=\"form-field-field_0e06910\" class=\"elementor-field elementor-size-sm  elementor-field-textual\" placeholder=\"Ciudad\">\n\t\t\t\t\t\t\t\t\t\t\t<\/div>\n\t\t\t\t\t\t\t\t<div class=\"elementor-field-type-text elementor-field-group elementor-column elementor-field-group-field_0e6f3fa elementor-col-100\">\n\t\t\t\t\t\t\t\t\t\t\t\t<label for=\"form-field-field_0e6f3fa\" class=\"elementor-field-label\">\n\t\t\t\t\t\t\t\tAsunto \/ Requerimiento\t\t\t\t\t\t\t<\/label>\n\t\t\t\t\t\t\t\t\t\t\t\t\t\t<input size=\"1\" type=\"text\" name=\"form_fields[field_0e6f3fa]\" id=\"form-field-field_0e6f3fa\" class=\"elementor-field elementor-size-sm  elementor-field-textual\" placeholder=\"Requerimiento\">\n\t\t\t\t\t\t\t\t\t\t\t<\/div>\n\t\t\t\t\t\t\t\t<div class=\"elementor-field-type-textarea elementor-field-group elementor-column elementor-field-group-message elementor-col-100\">\n\t\t\t\t\t\t\t\t\t\t\t\t<label for=\"form-field-message\" class=\"elementor-field-label\">\n\t\t\t\t\t\t\t\tDescripci\u00f3n \t\t\t\t\t\t\t<\/label>\n\t\t\t\t\t\t<textarea class=\"elementor-field-textual elementor-field  elementor-size-sm\" name=\"form_fields[message]\" id=\"form-field-message\" rows=\"4\" placeholder=\"Descripci\u00f3n \"><\/textarea>\t\t\t\t<\/div>\n\t\t\t\t\t\t\t\t<div class=\"elementor-field-type-acceptance elementor-field-group elementor-column elementor-field-group-field_8ebcc92 elementor-col-100\">\n\t\t\t\t\t\t\t\t\t\t\t\t<label for=\"form-field-field_8ebcc92\" class=\"elementor-field-label\">\n\t\t\t\t\t\t\t\tAcepto T\u00e9rminos y Condiciones\t\t\t\t\t\t\t<\/label>\n\t\t\t\t\t\t\t\t<div class=\"elementor-field-subgroup\">\n\t\t\t<span class=\"elementor-field-option\">\n\t\t\t\t<input type=\"checkbox\" name=\"form_fields[field_8ebcc92]\" id=\"form-field-field_8ebcc92\" class=\"elementor-field elementor-size-sm  elementor-acceptance-field\">\n\t\t\t\t<label for=\"form-field-field_8ebcc92\">Autorizo el tratamiento de mis datos y acepto la Pol\u00edtica de Tratamiento de Datos Personales, as\u00ed como los t\u00e9rminos y condiciones.<\/label>\t\t\t<\/span>\n\t\t<\/div>\n\t\t\t\t\t\t<\/div>\n\t\t\t\t\t\t\t\t<div class=\"elementor-field-group elementor-column elementor-field-type-submit elementor-col-100 e-form__buttons\">\n\t\t\t\t\t<button class=\"elementor-button elementor-size-sm\" type=\"submit\">\n\t\t\t\t\t\t<span class=\"elementor-button-content-wrapper\">\n\t\t\t\t\t\t\t\t\t\t\t\t\t\t\t\t\t\t\t\t\t\t<span class=\"elementor-button-text\">Enviar<\/span>\n\t\t\t\t\t\t\t\t\t\t\t\t\t<\/span>\n\t\t\t\t\t<\/button>\n\t\t\t\t<\/div>\n\t\t\t<\/div>\n\t\t<\/form>\n\t\t\t\t\t\t<\/div>\n\t\t\t\t<\/div>\n\t\t\t\t\t<\/div>\n\t\t\t\t<\/div>\n\t\t<div class=\"elementor-element elementor-element-8f80f85 e-flex e-con-boxed e-con e-parent\" data-id=\"8f80f85\" data-element_type=\"container\" data-e-type=\"container\">\n\t\t\t\t\t<div class=\"e-con-inner\">\n\t\t<div class=\"elementor-element elementor-element-71d7e06 e-con-full e-flex e-con e-child\" data-id=\"71d7e06\" data-element_type=\"container\" data-e-type=\"container\">\n\t\t\t\t<div class=\"elementor-element elementor-element-91c0deb elementor-widget elementor-widget-image\" data-id=\"91c0deb\" data-element_type=\"widget\" data-e-type=\"widget\" data-widget_type=\"image.default\">\n\t\t\t\t\t\t\t\t\t\t\t\t\t\t\t<img decoding=\"async\" width=\"152\" height=\"152\" src=\"https:\/\/gestornacionaldeseguro.com\/wp-content\/uploads\/2026\/03\/icono-ubicacion.png\" class=\"attachment-large size-large wp-image-55\" alt=\"\" srcset=\"https:\/\/gestornacionaldeseguro.com\/wp-content\/uploads\/2026\/03\/icono-ubicacion.png 152w, https:\/\/gestornacionaldeseguro.com\/wp-content\/uploads\/2026\/03\/icono-ubicacion-150x150.png 150w\" sizes=\"(max-width: 152px) 100vw, 152px\" \/>\t\t\t\t\t\t\t\t\t\t\t\t\t\t\t<\/div>\n\t\t\t\t<div class=\"elementor-element elementor-element-6739e39 elementor-widget elementor-widget-text-editor\" data-id=\"6739e39\" data-element_type=\"widget\" data-e-type=\"widget\" data-widget_type=\"text-editor.default\">\n\t\t\t\t\t\t\t\t\t<h3 class=\"elementor-image-box-title\" style=\"text-align: center;\">Encu\u00e9ntranos<\/h3><p style=\"text-align: center;\"><span style=\"color: #0000ff;\"><a style=\"color: #0000ff;\" href=\"https:\/\/www.google.com\/maps\/place\/Cl.+33+%236B-24,+La+Candelaria,+Bogot%C3%A1\/@4.6201127,-74.0674186,17z\/data=!3m1!4b1!4m6!3m5!1s0x8e3f9985b835d603:0x6a107836ca6652f5!8m2!3d4.6201127!4d-74.0674186!16s%2Fg%2F11f3sm59tz?hl=es-ES&amp;entry=ttu&amp;g_ep=EgoyMDI2MDMxMC4wIKXMDSoASAFQAw%3D%3D\">Cl. 33 #6B-24, La Candelaria, Bogot\u00e1<\/a><\/span><\/p><p style=\"text-align: center;\">L &#8211; V: 8:00 am a 6:00 pm<br \/>S: 8:00 am a 6:00 pm<\/p>\t\t\t\t\t\t\t\t<\/div>\n\t\t\t\t<\/div>\n\t\t<div class=\"elementor-element elementor-element-7c181b4 e-con-full e-flex e-con e-child\" data-id=\"7c181b4\" data-element_type=\"container\" data-e-type=\"container\">\n\t\t\t\t<div class=\"elementor-element elementor-element-6b7df83 elementor-widget elementor-widget-image\" data-id=\"6b7df83\" data-element_type=\"widget\" data-e-type=\"widget\" data-widget_type=\"image.default\">\n\t\t\t\t\t\t\t\t\t\t\t\t\t\t\t<img decoding=\"async\" width=\"152\" height=\"152\" src=\"https:\/\/gestornacionaldeseguro.com\/wp-content\/uploads\/2026\/03\/icono-lamamdas.png\" class=\"attachment-large size-large wp-image-54\" alt=\"\" srcset=\"https:\/\/gestornacionaldeseguro.com\/wp-content\/uploads\/2026\/03\/icono-lamamdas.png 152w, https:\/\/gestornacionaldeseguro.com\/wp-content\/uploads\/2026\/03\/icono-lamamdas-150x150.png 150w\" sizes=\"(max-width: 152px) 100vw, 152px\" \/>\t\t\t\t\t\t\t\t\t\t\t\t\t\t\t<\/div>\n\t\t\t\t<div class=\"elementor-element elementor-element-956a632 elementor-widget elementor-widget-text-editor\" data-id=\"956a632\" data-element_type=\"widget\" data-e-type=\"widget\" data-widget_type=\"text-editor.default\">\n\t\t\t\t\t\t\t\t\t<h3 class=\"elementor-image-box-title\" style=\"text-align: center;\">Cont\u00e1ctanos<\/h3><p style=\"text-align: center;\">PBX: 601 1321233<\/p><p style=\"text-align: center;\"><span class=\"hide-movil\">WhatsApp:<span style=\"color: #3366ff;\"> <a>3133498100<\/a><\/span><\/span><\/p>\t\t\t\t\t\t\t\t<\/div>\n\t\t\t\t<\/div>\n\t\t<div class=\"elementor-element elementor-element-55e7617 e-con-full e-flex e-con e-child\" data-id=\"55e7617\" data-element_type=\"container\" data-e-type=\"container\">\n\t\t\t\t<div class=\"elementor-element elementor-element-0d8a624 elementor-widget elementor-widget-image\" data-id=\"0d8a624\" data-element_type=\"widget\" data-e-type=\"widget\" data-widget_type=\"image.default\">\n\t\t\t\t\t\t\t\t\t\t\t\t\t\t\t<img loading=\"lazy\" decoding=\"async\" width=\"152\" height=\"152\" src=\"https:\/\/gestornacionaldeseguro.com\/wp-content\/uploads\/2026\/03\/icono-email.png\" class=\"attachment-large size-large wp-image-53\" alt=\"\" srcset=\"https:\/\/gestornacionaldeseguro.com\/wp-content\/uploads\/2026\/03\/icono-email.png 152w, https:\/\/gestornacionaldeseguro.com\/wp-content\/uploads\/2026\/03\/icono-email-150x150.png 150w\" sizes=\"(max-width: 152px) 100vw, 152px\" \/>\t\t\t\t\t\t\t\t\t\t\t\t\t\t\t<\/div>\n\t\t\t\t<div class=\"elementor-element elementor-element-39e2897 elementor-widget elementor-widget-text-editor\" data-id=\"39e2897\" data-element_type=\"widget\" data-e-type=\"widget\" data-widget_type=\"text-editor.default\">\n\t\t\t\t\t\t\t\t\t<h3 class=\"elementor-image-box-title\" style=\"text-align: center;\">Escr\u00edbenos<\/h3><p><span style=\"color: #0000ff;\"><a style=\"color: #0000ff;\" href=\"mailto:contactenos@gestornacionaldeseguro.com\">info@gestornacionaldeseguro.com<\/a><\/span><\/p><p><span style=\"color: #0000ff;\"><a style=\"color: #0000ff;\" href=\"mailto:servicioalcliente@gestornacionaldeseguro.com\">servicioalcliente@gestornacionaldeseguro.com<\/a><\/span><\/p>\t\t\t\t\t\t\t\t<\/div>\n\t\t\t\t<\/div>\n\t\t\t\t\t<\/div>\n\t\t\t\t<\/div>\n\t\t<div class=\"elementor-element elementor-element-24c2e08 e-flex e-con-boxed e-con e-parent\" data-id=\"24c2e08\" data-element_type=\"container\" data-e-type=\"container\">\n\t\t\t\t\t<div class=\"e-con-inner\">\n\t\t\t\t<div class=\"elementor-element elementor-element-68fe374 elementor-widget elementor-widget-image\" data-id=\"68fe374\" data-element_type=\"widget\" data-e-type=\"widget\" data-widget_type=\"image.default\">\n\t\t\t\t\t\t\t\t\t\t\t\t\t\t\t<img loading=\"lazy\" decoding=\"async\" width=\"512\" height=\"512\" src=\"https:\/\/gestornacionaldeseguro.com\/wp-content\/uploads\/2026\/03\/cropped-Diseno-sin-titulo.png\" class=\"attachment-large size-large wp-image-30\" alt=\"\" srcset=\"https:\/\/gestornacionaldeseguro.com\/wp-content\/uploads\/2026\/03\/cropped-Diseno-sin-titulo.png 512w, https:\/\/gestornacionaldeseguro.com\/wp-content\/uploads\/2026\/03\/cropped-Diseno-sin-titulo-300x300.png 300w, https:\/\/gestornacionaldeseguro.com\/wp-content\/uploads\/2026\/03\/cropped-Diseno-sin-titulo-150x150.png 150w, https:\/\/gestornacionaldeseguro.com\/wp-content\/uploads\/2026\/03\/cropped-Diseno-sin-titulo-270x270.png 270w, https:\/\/gestornacionaldeseguro.com\/wp-content\/uploads\/2026\/03\/cropped-Diseno-sin-titulo-192x192.png 192w, https:\/\/gestornacionaldeseguro.com\/wp-content\/uploads\/2026\/03\/cropped-Diseno-sin-titulo-180x180.png 180w, https:\/\/gestornacionaldeseguro.com\/wp-content\/uploads\/2026\/03\/cropped-Diseno-sin-titulo-32x32.png 32w\" sizes=\"(max-width: 512px) 100vw, 512px\" \/>\t\t\t\t\t\t\t\t\t\t\t\t\t\t\t<\/div>\n\t\t\t\t\t<\/div>\n\t\t\t\t<\/div>\n\t\t\t\t<\/div>\n\t\t","protected":false},"excerpt":{"rendered":"<p>En Gestor Nacional De Seguro estamos para servirte. Diligencia nuestro formulario y pronto te contactaremos. Encu\u00e9ntranos Cl. 33 #6B-24, La Candelaria, Bogot\u00e1 L &#8211; V: 8:00 am a 6:00 pmS: 8:00 am a 6:00 pm Cont\u00e1ctanos PBX: 601 1321233 WhatsApp: 3133498100 Escr\u00edbenos info@gestornacionaldeseguro.com servicioalcliente@gestornacionaldeseguro.com<\/p>\n","protected":false},"author":1,"featured_media":0,"parent":0,"menu_order":0,"comment_status":"closed","ping_status":"closed","template":"elementor_canvas","meta":{"_joinchat":[],"footnotes":""},"class_list":["post-49","page","type-page","status-publish","hentry"],"_links":{"self":[{"href":"https:\/\/gestornacionaldeseguro.com\/index.php\/wp-json\/wp\/v2\/pages\/49","targetHints":{"allow":["GET"]}}],"collection":[{"href":"https:\/\/gestornacionaldeseguro.com\/index.php\/wp-json\/wp\/v2\/pages"}],"about":[{"href":"https:\/\/gestornacionaldeseguro.com\/index.php\/wp-json\/wp\/v2\/types\/page"}],"author":[{"embeddable":true,"href":"https:\/\/gestornacionaldeseguro.com\/index.php\/wp-json\/wp\/v2\/users\/1"}],"replies":[{"embeddable":true,"href":"https:\/\/gestornacionaldeseguro.com\/index.php\/wp-json\/wp\/v2\/comments?post=49"}],"version-history":[{"count":22,"href":"https:\/\/gestornacionaldeseguro.com\/index.php\/wp-json\/wp\/v2\/pages\/49\/revisions"}],"predecessor-version":[{"id":139,"href":"https:\/\/gestornacionaldeseguro.com\/index.php\/wp-json\/wp\/v2\/pages\/49\/revisions\/139"}],"wp:attachment":[{"href":"https:\/\/gestornacionaldeseguro.com\/index.php\/wp-json\/wp\/v2\/media?parent=49"}],"curies":[{"name":"wp","href":"https:\/\/api.w.org\/{rel}","templated":true}]}}